{"id":1710,"date":"2020-02-26T15:03:38","date_gmt":"2020-02-26T13:03:38","guid":{"rendered":"http:\/\/www.mostypomoci.sk\/?page_id=1710"},"modified":"2025-02-05T08:25:55","modified_gmt":"2025-02-05T07:25:55","slug":"tak-to-vidim-ja","status":"publish","type":"page","link":"https:\/\/www.mostypomoci.sk\/?page_id=1710","title":{"rendered":"Tak to vid\u00edm ja"},"content":{"rendered":"<p><span style=\"color: #800080;\">Jaroslav Serv\u00e1tka &#8211; zakladate\u013e, \u0161tatut\u00e1r,\u00a0predseda<\/span><\/p>\n<p><span style=\"color: #800080;\">a lektor kurzov opatrovania O.Z. Mosty pomoci<\/span><\/p>\n<p><img loading=\"lazy\" decoding=\"async\" class=\"alignnone wp-image-1717\" src=\"https:\/\/www.mostypomoci.sk\/wp-content\/uploads\/2020\/02\/jarino-300x202.jpg\" alt=\"\" width=\"336\" height=\"226\" srcset=\"https:\/\/www.mostypomoci.sk\/wp-content\/uploads\/2020\/02\/jarino-300x202.jpg 300w, https:\/\/www.mostypomoci.sk\/wp-content\/uploads\/2020\/02\/jarino.jpg 325w\" sizes=\"auto, (max-width: 336px) 100vw, 336px\" \/><\/p>\n<p><a href=\"https:\/\/www.mostypomoci.sk\/wp-content\/uploads\/2025\/02\/10-rokov-spolu.pdf\">10 rokov spolu<\/a><\/p>\n<p><a href=\"https:\/\/www.mostypomoci.sk\/wp-content\/uploads\/2022\/08\/KOMPETENCIE-OPATROVATELIEK-PRI-V\u00ddKONE-JEDNODUCH\u00ddCH-O\u0160ETROVATE\u013dSK\u00ddCH-\u00daKONOV-A-S-T\u00ddM-SPOJEN\u00c1-DOKUMENT\u00c1CIA.pdf\">KOMPETENCIE OPATROVATELIEK PRI V\u00ddKONE JEDNODUCH\u00ddCH O\u0160ETROVATE\u013dSK\u00ddCH \u00daKONOV A S T\u00ddM SPOJEN\u00c1 DOKUMENT\u00c1CIA<\/a><\/p>\n<p><a href=\"https:\/\/www.mostypomoci.sk\/wp-content\/uploads\/2021\/05\/vzdelanie-kompetencie-ohodnotenie.pdf\">vzdelanie, kompetencie, ohodnotenie<\/a><\/p>\n<p><a href=\"https:\/\/www.mostypomoci.sk\/wp-content\/uploads\/2021\/11\/Kto-sa-postar\u00e1-o-na\u0161ich-bl\u00edzkych.pdf\">Kto sa postar\u00e1 o na\u0161ich bl\u00edzkych<\/a><\/p>\n<p><a href=\"https:\/\/www.mostypomoci.sk\/wp-content\/uploads\/2021\/05\/de\u0148-o\u0161etrovania.pdf\">de\u0148 o\u0161etrovania<\/a><\/p>\n<p><a href=\"https:\/\/www.mostypomoci.sk\/wp-content\/uploads\/2021\/02\/Som-opatrovate\u013eka-sanit\u00e1rka-v-ZSS-na-SK.pdf\">Som opatrovate\u013eka, sanit\u00e1rka v ZSS na SK<\/a><\/p>\n<p><a href=\"https:\/\/www.mostypomoci.sk\/wp-content\/uploads\/2021\/06\/Graf-opatrovate\u013eky-v-AT.pdf\">Graf opatrovate\u013eky v AT<\/a><\/p>\n<p><a href=\"https:\/\/www.mostypomoci.sk\/wp-content\/uploads\/2020\/11\/Celoplo\u0161n\u00e9-testovanie.pdf\">Celoplo\u0161n\u00e9 testovanie<\/a><\/p>\n<p><a href=\"https:\/\/www.mostypomoci.sk\/wp-content\/uploads\/2020\/07\/Pooldienst-flexibiln\u00e1-slu\u017eba.pdf\">Pooldienst &#8211; flexibiln\u00e1 slu\u017eba<\/a><\/p>\n<p><a href=\"https:\/\/www.mostypomoci.sk\/wp-content\/uploads\/2020\/07\/Osobn\u00fd-asistent-vs.pdf\">Osobn\u00fd asistent vs<\/a><\/p>\n<p><a href=\"https:\/\/www.mostypomoci.sk\/wp-content\/uploads\/2020\/04\/V\u00fdvoj-opatrovania-na-Slovensku.pdf\">V\u00fdvoj opatrovania na Slovensku<\/a><\/p>\n<p><a href=\"https:\/\/www.mostypomoci.sk\/wp-content\/uploads\/2020\/03\/COVID.pdf\">COVID<\/a>\u00a0&#8211; 19<\/p>\n<p><a href=\"https:\/\/www.mostypomoci.sk\/wp-content\/uploads\/2020\/02\/Bez-politikov-to-nejde.pdf\">Bez politikov to nejde<\/a><\/p>\n<p><a href=\"https:\/\/www.mostypomoci.sk\/wp-content\/uploads\/2020\/02\/Tak-to-vid\u00edm-ja-Klient.pdf\">Tak to vid\u00edm ja Klient<\/a><\/p>\n<p><a href=\"https:\/\/www.mostypomoci.sk\/wp-content\/uploads\/2020\/02\/Tak-to-vid\u00edm-ja-Opatrovate\u013eka.pdf\">Tak to vid\u00edm ja Opatrovate\u013eka<\/a><\/p>\n<p><a href=\"https:\/\/www.mostypomoci.sk\/wp-content\/uploads\/2020\/02\/Tak-to-vid\u00edm-ja-Richard.pdf\">Tak to vid\u00edm ja Richard<\/a><\/p>\n<p><a href=\"https:\/\/www.mostypomoci.sk\/wp-content\/uploads\/2020\/02\/Tak-to-vid\u00edm-ja-Slu\u017eby.pdf\">Tak to vid\u00edm ja Slu\u017eby<\/a><\/p>\n\n\n<div data-wp-interactive=\"core\/file\" class=\"wp-block-file\"><object data-wp-bind--hidden=\"!state.hasPdfPreview\" hidden class=\"wp-block-file__embed\" data=\"https:\/\/www.mostypomoci.sk\/wp-content\/uploads\/2023\/06\/Ako-to-funguje.pdf\" type=\"application\/pdf\" style=\"width:100%;height:600px\" aria-label=\"Vlo\u017ei\u0165 Ako-to-funguje.\"><\/object><a id=\"wp-block-file--media-15c93197-f5ae-4ff4-b22e-6dea4457d127\" href=\"https:\/\/www.mostypomoci.sk\/wp-content\/uploads\/2023\/06\/Ako-to-funguje.pdf\">Ako-to-funguje<\/a><a href=\"https:\/\/www.mostypomoci.sk\/wp-content\/uploads\/2023\/06\/Ako-to-funguje.pdf\" class=\"wp-block-file__button wp-element-button\" download aria-describedby=\"wp-block-file--media-15c93197-f5ae-4ff4-b22e-6dea4457d127\">Stiahnu\u0165<\/a><\/div>\n","protected":false},"excerpt":{"rendered":"<p>Jaroslav Serv\u00e1tka &#8211; zakladate\u013e, \u0161tatut\u00e1r,\u00a0predseda a lektor kurzov opatrovania O.Z. Mosty pomoci 10 rokov spolu KOMPETENCIE OPATROVATELIEK PRI V\u00ddKONE JEDNODUCH\u00ddCH O\u0160ETROVATE\u013dSK\u00ddCH \u00daKONOV A S T\u00ddM SPOJEN\u00c1 DOKUMENT\u00c1CIA vzdelanie, kompetencie, ohodnotenie Kto sa postar\u00e1 o na\u0161ich bl\u00edzkych de\u0148 o\u0161etrovania Som opatrovate\u013eka, sanit\u00e1rka v ZSS na SK Graf opatrovate\u013eky v AT Celoplo\u0161n\u00e9 testovanie Pooldienst &#8211; flexibiln\u00e1 slu\u017eba [&hellip;]<\/p>\n","protected":false},"author":1,"featured_media":0,"parent":31,"menu_order":1,"comment_status":"closed","ping_status":"closed","template":"","meta":{"jetpack_post_was_ever_published":false,"footnotes":""},"class_list":["post-1710","page","type-page","status-publish","hentry"],"jetpack_sharing_enabled":true,"jetpack_shortlink":"https:\/\/wp.me\/P6hR6t-rA","_links":{"self":[{"href":"https:\/\/www.mostypomoci.sk\/index.php?rest_route=\/wp\/v2\/pages\/1710","targetHints":{"allow":["GET"]}}],"collection":[{"href":"https:\/\/www.mostypomoci.sk\/index.php?rest_route=\/wp\/v2\/pages"}],"about":[{"href":"https:\/\/www.mostypomoci.sk\/index.php?rest_route=\/wp\/v2\/types\/page"}],"author":[{"embeddable":true,"href":"https:\/\/www.mostypomoci.sk\/index.php?rest_route=\/wp\/v2\/users\/1"}],"replies":[{"embeddable":true,"href":"https:\/\/www.mostypomoci.sk\/index.php?rest_route=%2Fwp%2Fv2%2Fcomments&post=1710"}],"version-history":[{"count":17,"href":"https:\/\/www.mostypomoci.sk\/index.php?rest_route=\/wp\/v2\/pages\/1710\/revisions"}],"predecessor-version":[{"id":10621,"href":"https:\/\/www.mostypomoci.sk\/index.php?rest_route=\/wp\/v2\/pages\/1710\/revisions\/10621"}],"up":[{"embeddable":true,"href":"https:\/\/www.mostypomoci.sk\/index.php?rest_route=\/wp\/v2\/pages\/31"}],"wp:attachment":[{"href":"https:\/\/www.mostypomoci.sk\/index.php?rest_route=%2Fwp%2Fv2%2Fmedia&parent=1710"}],"curies":[{"name":"wp","href":"https:\/\/api.w.org\/{rel}","templated":true}]}}