{"id":178,"date":"2015-07-20T15:30:30","date_gmt":"2015-07-20T13:30:30","guid":{"rendered":"http:\/\/mostypomoci.sk\/?page_id=178"},"modified":"2025-12-15T09:56:51","modified_gmt":"2025-12-15T08:56:51","slug":"akreditovane-kurzy","status":"publish","type":"page","link":"https:\/\/www.mostypomoci.sk\/?page_id=178","title":{"rendered":"Akreditovan\u00fd kurz opatrovania"},"content":{"rendered":"\n<h3 class=\"wp-block-heading has-text-align-center\"><span style=\"color: #0000ff;\">AKREDITOVAN\u00dd KURZ OPATROVANIA<\/span><\/h3>\n\n\n\n<p class=\"has-text-align-center\"><img loading=\"lazy\" decoding=\"async\" width=\"300\" height=\"450\" class=\"wp-image-10835\" style=\"width: 300px;\" src=\"https:\/\/www.mostypomoci.sk\/wp-content\/uploads\/2025\/06\/ChatGPT-Image-1.-6.-2025-12_14_13.png\" alt=\"\" srcset=\"https:\/\/www.mostypomoci.sk\/wp-content\/uploads\/2025\/06\/ChatGPT-Image-1.-6.-2025-12_14_13.png 1024w, https:\/\/www.mostypomoci.sk\/wp-content\/uploads\/2025\/06\/ChatGPT-Image-1.-6.-2025-12_14_13-200x300.png 200w, https:\/\/www.mostypomoci.sk\/wp-content\/uploads\/2025\/06\/ChatGPT-Image-1.-6.-2025-12_14_13-683x1024.png 683w, https:\/\/www.mostypomoci.sk\/wp-content\/uploads\/2025\/06\/ChatGPT-Image-1.-6.-2025-12_14_13-768x1152.png 768w\" sizes=\"auto, (max-width: 300px) 100vw, 300px\" \/><\/p>\n\n\n\n<h2 class=\"wp-block-heading has-text-align-center\"><mark style=\"background-color:rgba(0, 0, 0, 0)\" class=\"has-inline-color has-vivid-cyan-blue-color\"> &#8211; va\u0161a cesta k profesion\u00e1lnej starostlivosti<\/mark>&nbsp;&nbsp;<img loading=\"lazy\" decoding=\"async\" width=\"50\" height=\"48\" class=\"alignnone wp-image-197\" src=\"http:\/\/mostypomoci.sk\/wp-content\/uploads\/2015\/07\/EU.jpg\" alt=\"EU\"><\/h2>\n\n\n\n<p><strong>Akreditovan\u00fd kurz MPSVaR SR<\/strong><\/p>\n\n\n\n<p>\u010c\u00edslo spisu: 13341\/2024-M_RAKO, \u010d\u00edslo z\u00e1znamu: 25372\/2024<\/p>\n\n\n\n<p><strong>Certifik\u00e1cia M\u0160VVaM SR<\/strong><\/p>\n\n\n\n<p>CZIAD\/2025414\/314\/309 (podan\u00e1 14.04.2025)<\/p>\n\n\n\n<p>RCVI_2025_000049 z 23.05.2025<\/p>\n\n\n\n<h2 class=\"wp-block-heading\"><span style=\"color: #0000ff;\">Term\u00edny a cenn\u00edk<\/span>   \/ <a href=\"https:\/\/forms.office.com\/Pages\/ResponsePage.aspx?id=DQSIkWdsW0yxEjajBLZtrQAAAAAAAAAAAANAAQkIu_5UMk5CU1A4NkxKMzEwQVYyTzMxNzBUNlQ1Uy4u\">PRIHL\u00c1\u0160KA<\/a><\/h2>\n\n\n\n<h3 class=\"wp-block-heading\">&nbsp;<a href=\"https:\/\/forms.office.com\/r\/in64kSD9MG\">https:\/\/forms.office.com\/r\/in64kSD9MG<\/a><\/h3>\n\n\n\n<h3 class=\"wp-block-heading\">Term\u00edny kurzov opatrovania 2025 \/ 2026:<\/h3>\n\n\n\n<div class=\"wp-block-group is-vertical is-layout-flex wp-container-core-group-is-layout-8cf370e7 wp-block-group-is-layout-flex\">\n<h4 class=\"wp-block-heading has-text-align-center\"><mark style=\"background-color:rgba(0, 0, 0, 0)\" class=\"has-inline-color has-vivid-green-cyan-color\">U n\u00e1s si certifik\u00e1t nek\u00fapite \/ predn\u00e1\u0161ky, aj prax je potrebn\u00e9 re\u00e1lne absolvova\u0165 &#8211; je to n\u00e1ro\u010dn\u00e9, ale ver\u00edme \u017ee to ocen\u00edte<\/mark><\/h4>\n\n\n\n<ul class=\"wp-block-list\">\n<li><mark style=\"background-color:rgba(0, 0, 0, 0)\" class=\"has-inline-color has-vivid-cyan-blue-color\">07. 01. 2025 &#8211; 28. 02. 2025<\/mark><\/li>\n\n\n\n<li><mark style=\"background-color:rgba(0, 0, 0, 0)\" class=\"has-inline-color has-vivid-cyan-blue-color\">03. 03. 2025 &#8211; 30. 04. 2025<\/mark><\/li>\n\n\n\n<li><mark style=\"background-color:rgba(0, 0, 0, 0)\" class=\"has-inline-color has-vivid-cyan-blue-color\">05. 05. 2025 &#8211; 30. 06. 2025<\/mark><\/li>\n\n\n\n<li><mark style=\"background-color:rgba(0, 0, 0, 0)\" class=\"has-inline-color has-vivid-cyan-blue-color\">07. 07. 2025 &#8211; 29. 08. 2025<\/mark><\/li>\n\n\n\n<li><mark style=\"background-color:rgba(0, 0, 0, 0)\" class=\"has-inline-color has-vivid-cyan-blue-color\">01. 09. 2025 &#8211; 31. 10. 2025<\/mark><\/li>\n\n\n\n<li><mark style=\"background-color:rgba(0, 0, 0, 0)\" class=\"has-inline-color has-vivid-purple-color\">03. 11. 2025 &#8211; 31.12. 2025 &#8211; prebieha<\/mark><\/li>\n\n\n\n<li><mark style=\"background-color:rgba(0, 0, 0, 0)\" class=\"has-inline-color has-vivid-green-cyan-color\"><strong>05. 01. 2026 &#8211; 27. 02. 2026 &#8211; nasleduj\u00faci rok<\/strong><\/mark><\/li>\n\n\n\n<li><strong><mark style=\"background-color:rgba(0, 0, 0, 0)\" class=\"has-inline-color has-vivid-purple-color\">Bud\u00faci term\u00edn zverejn\u00edme v janu\u00e1ri 2025<\/mark><\/strong><\/li>\n\n\n\n<li><img loading=\"lazy\" decoding=\"async\" width=\"210\" height=\"210\" class=\"wp-image-11001\" style=\"width: 210px;\" src=\"https:\/\/www.mostypomoci.sk\/wp-content\/uploads\/2025\/10\/Kurz-november.jpg\" alt=\"\" srcset=\"https:\/\/www.mostypomoci.sk\/wp-content\/uploads\/2025\/10\/Kurz-november.jpg 1080w, https:\/\/www.mostypomoci.sk\/wp-content\/uploads\/2025\/10\/Kurz-november-300x300.jpg 300w, https:\/\/www.mostypomoci.sk\/wp-content\/uploads\/2025\/10\/Kurz-november-1024x1024.jpg 1024w, https:\/\/www.mostypomoci.sk\/wp-content\/uploads\/2025\/10\/Kurz-november-150x150.jpg 150w, https:\/\/www.mostypomoci.sk\/wp-content\/uploads\/2025\/10\/Kurz-november-768x768.jpg 768w, https:\/\/www.mostypomoci.sk\/wp-content\/uploads\/2025\/10\/Kurz-november-60x60.jpg 60w\" sizes=\"auto, (max-width: 210px) 100vw, 210px\" \/> <img loading=\"lazy\" decoding=\"async\" width=\"210\" height=\"210\" class=\"wp-image-11000\" style=\"width: 210px;\" src=\"https:\/\/www.mostypomoci.sk\/wp-content\/uploads\/2025\/10\/Kurz-Januar-26.jpg\" alt=\"\" srcset=\"https:\/\/www.mostypomoci.sk\/wp-content\/uploads\/2025\/10\/Kurz-Januar-26.jpg 1080w, https:\/\/www.mostypomoci.sk\/wp-content\/uploads\/2025\/10\/Kurz-Januar-26-300x300.jpg 300w, https:\/\/www.mostypomoci.sk\/wp-content\/uploads\/2025\/10\/Kurz-Januar-26-1024x1024.jpg 1024w, https:\/\/www.mostypomoci.sk\/wp-content\/uploads\/2025\/10\/Kurz-Januar-26-150x150.jpg 150w, https:\/\/www.mostypomoci.sk\/wp-content\/uploads\/2025\/10\/Kurz-Januar-26-768x768.jpg 768w, https:\/\/www.mostypomoci.sk\/wp-content\/uploads\/2025\/10\/Kurz-Januar-26-60x60.jpg 60w\" sizes=\"auto, (max-width: 210px) 100vw, 210px\" \/><\/li>\n\n\n\n<li><span style=\"color: #800080;\">kontaktujte n\u00e1s \u00a0\/ term\u00edny upresn\u00edme &#8211; kurzy otv\u00e1rame priebe\u017ene, pod\u013ea z\u00e1ujmu<\/span> &#8211; <strong><span style=\"color: #800080;\">mo\u017enos\u0165 prist\u00fapenia do prebiehaj\u00faceho kurzu<\/span> <mark style=\"background-color:rgba(0, 0, 0, 0)\" class=\"has-inline-color has-vivid-purple-color\">do dvoch t\u00fd\u017ed\u0148ov od zah\u00e1jenia kurzu<\/mark><\/strong><\/li>\n\n\n\n<li>&nbsp;<\/li>\n<\/ul>\n<\/div>\n\n\n\n<h3 class=\"wp-block-heading\">Cenn\u00edk :<\/h3>\n\n\n\n<ul class=\"wp-block-list\">\n<li><span style=\"color: #800080;\">Ak sa zamestn\u00e1te na Slovensku a na kurz v\u00e1s vy\u0161le zamestn\u00e1vate\u013e , je cena 290,00 \u20ac&nbsp; + 40,00 \u20ac za akreditovan\u00fd kurz 1.pomoci (ak ho nem\u00e1te )<\/span><\/li>\n\n\n\n<li>Spolupracujeme s viacer\u00fdmi zariadeniami soc. slu\u017eieb &#8211; niektor\u00e9 kurz prepl\u00e1caj\u00fa, alebo na neho daj\u00fa p\u00f4\u017ei\u010dku.<\/li>\n\n\n\n<li><span style=\"color: #0000ff;\"><a href=\"https:\/\/www.hartmann.info\/sk-sk\/about-hartmann\/kto-sme\/l\/sk\/nadacny-fond-hartmann\/refundacia-nakladov\">Mo\u017enos\u0165&nbsp; \u00fahrady kurzu z GRANTU HARTMANN<\/a><\/span><\/li>\n\n\n\n<li><mark style=\"background-color:rgba(0, 0, 0, 0)\" class=\"has-inline-color has-vivid-cyan-blue-color\"><span style=\"color: #0000ff;\">Mo\u017enos\u0165&nbsp; \u00fahrady kurzu<\/span> <\/mark>cez \u00darad pr\u00e1ce<\/li>\n<\/ul>\n\n\n\n<p>SK = spl\u00e1tkov\u00fd kalend\u00e1r je mo\u017en\u00fd po individu\u00e1lnej dohode<\/p>\n\n\n\n<p><h3><span style=\"color: #3366ff;\">350,00 \u20ac z\u00e1kladn\u00e1 cena kurzu<\/span><\/h3><\/p>\n\n\n\n<ul class=\"wp-block-list\">\n<li>330,00 \u20ac &#8211; cena pre bud\u00face opatrovate\u013eky a opatrovate\u013eov vyslan\u00fdch zamestn\u00e1vate\u013eom <span style=\"color: #00ff00;\">= z\u013eava 20,00\u20ac&nbsp;<\/span><\/li>\n<\/ul>\n\n\n\n<p>&nbsp;330,00 \u20ac dvojica (nast\u00fapi s\u00fa\u010dasne) \/ t\u00e1to z\u013eava plat\u00ed pre oboch &#8211; zaplaten\u00e9 do ukon\u010denia kurzu <span style=\"color: #00ff00;\">=z\u013eava 20,00 \u20ac<\/span><\/p>\n\n\n\n<p><\/p>\n\n\n\n<ul class=\"wp-block-list\">\n<li><span style=\"color: #0000ff;\">&nbsp;0,00 \u20ac &nbsp; &nbsp; &#8211; bez vydania certifik\u00e1tu a bez kurzu 1.pomoci OS ZZS<\/span><span style=\"color: #0000ff;\">= t\u00e1to ponuka je pre neform\u00e1lne opatrovate\u013eky \/ opatrovate\u013eov, alebo osobn\u00fdch asistentov.<\/span><\/li>\n\n\n\n<li><span style=\"color: #0000ff;\">mo\u017enos\u0165 absolvova\u0165 akreditovan\u00fd kurz 1. pomoci s osved\u010den\u00edm &#8211; 30,00 \u20ac<\/span><\/li>\n\n\n\n<li>&nbsp;<\/li>\n\n\n\n<li><span style=\"color: #008000;\">Z\u00e1lohov\u00e1 platba za kurz vo v\u00fd\u0161ke 30,00 \u20ac je zar\u00e1tan\u00e1 do celkovej ceny kurzu a je nevratn\u00e1.<\/span><\/li>\n\n\n\n<li><span style=\"color: #ff00ff;\">Ak m\u00e1te absolvovan\u00fd akreditovan\u00fd kurz 1.pomoci &#8211; nie star\u0161\u00ed, ako 2 roky &#8211; bude v\u00e1m z ceny kurzu odpo\u010d\u00edtan\u00fdch 30,00 \u20ac<\/span><\/li>\n\n\n\n<li><\/li>\n\n\n\n<li><strong><a href=\"https:\/\/forms.office.com\/Pages\/ResponsePage.aspx?id=DQSIkWdsW0yxEjajBLZtrQAAAAAAAAAAAANAAQkIu_5UMk5CU1A4NkxKMzEwQVYyTzMxNzBUNlQ1Uy4u\">PRIHL\u00c1\u0160KA NA KURZ OPATROVANIA<\/a><\/strong><\/li>\n\n\n\n<li><div class=\"kvgmc6g5 cxmmr5t8 oygrvhab hcukyx3x c1et5uql ii04i59q\"> <\/div><a href=\"https:\/\/forms.office.com\/r\/in64kSD9MG\">https:\/\/forms.office.com\/r\/in64kSD9MG<\/a><div dir=\"auto\"><\/div><div class=\"kvgmc6g5 cxmmr5t8 oygrvhab hcukyx3x c1et5uql ii04i59q\"><div dir=\"auto\"><\/div><div dir=\"auto\"><\/div><\/div><\/li>\n<\/ul>\n\n\n\n<p><img loading=\"lazy\" decoding=\"async\" height=\"16\" width=\"16\" alt=\"\u203c\ufe0f\" src=\"https:\/\/static.xx.fbcdn.net\/images\/emoji.php\/v9\/tfe\/1.5\/16\/203c.png\"> M\u00e1me pred\u013a\u017een\u00fa akredit\u00e1ciu o \u010fal\u0161\u00edch 5 rokov. Aktu\u00e1lne do septembra 2029.<\/p>\n\n\n\n<p><\/p>\n\n\n<div class=\"kvgmc6g5 cxmmr5t8 oygrvhab hcukyx3x c1et5uql ii04i59q\">\n<div dir=\"auto\">\n<div dir=\"auto\">\n<h3 class=\"subtitle\">\u00a0<\/h3>\n<p><span style=\"font-size: revert; color: initial;\">\u00dadaje do formul\u00e1ra Hartmann :<\/span><\/div>\n<\/div>\n<div dir=\"auto\">Term\u00edn:\u00a0 pod\u013ea dohody &#8211; kurz je 238 hodinov\u00fd a trv\u00e1 cca 6 t\u00fd\u017ed\u0148ov<\/div>\n<div dir=\"auto\">Poskytovate\u013e: MOSTY POMOCI \/Obchodn\u00e1 9, 81106 BRATISLAVA<\/div>\n<div dir=\"auto\">\u0160koliace centrum &#8211; Fedinova 6, 851 01 BRATISLAVA<\/div>\n<div dir=\"auto\">Cena pre tento grant :\u00a0 330 ,00 \u20ac<\/div>\n<div dir=\"auto\">Kurz m\u00e1 238 hod\u00edn<\/div>\n<\/div>\n\n\n<h4 class=\"wp-block-heading\">\u00da\u010dastn\u00edk kurzu z\u00edskava :<\/h4>\n\n\n\n<ul class=\"wp-block-list\">\n<li>Predn\u00e1\u0161ky od lektorov s dlhoro\u010dnou praxou &#8211; osobne<\/li>\n\n\n\n<li>Pr\u00edstup na predn\u00e1\u0161ku v realnom \u010dase online \/ ZOOM<\/li>\n\n\n\n<li>V pr\u00edpade ne\u00fa\u010dasti z\u00e1znam predn\u00e1\u0161ky<\/li>\n\n\n\n<li>Praktick\u00e9 n\u00e1cviky v \u0161koliacom centre<\/li>\n\n\n\n<li>Skript\u00e1 \/ pr\u00edstup do u\u010debne GOOGLE<\/li>\n\n\n\n<li>Dvojjazy\u010dn\u00e9 Osved\u010denie o absolvovan\u00ed kurzu opatrovania<\/li>\n\n\n\n<li>Osved\u010denie o absolvovan\u00ed kurzu 1.pomoci OS ZZS<\/li>\n\n\n\n<li>Po\u010das predn\u00e1\u0161ok ob\u010derstvenie &#8211; k\u00e1va, \u010daj, miner\u00e1lka &#8230;<\/li>\n\n\n\n<li>V centre je k dispoz\u00edcii chladni\u010dka a mikrovlnka<\/li>\n\n\n\n<li>Viac inform\u00e1ci\u00ed pri osobnom stretnut\u00ed<\/li>\n<\/ul>\n\n\n\n<p><strong><a href=\"https:\/\/forms.office.com\/Pages\/ResponsePage.aspx?id=DQSIkWdsW0yxEjajBLZtrQAAAAAAAAAAAANAAQkIu_5UMk5CU1A4NkxKMzEwQVYyTzMxNzBUNlQ1Uy4u\">Prihl\u00e1\u0161ka<\/a><\/strong><\/p>\n\n\n\n\n\n<p><strong><em>AKREDIT\u00c1CIA:<\/em><\/strong><\/p>\n\n\n\n<p>Bratislava 09.07.2015<\/p>\n\n\n\n<p><strong>\u010c\u00edslo spisu:<\/strong> 10926\/2015-M_OSS<\/p>\n\n\n\n<p><strong>\u010c\u00edslo z\u00e1znamu:<\/strong> 32731\/2015<\/p>\n\n\n\n<p>Pred\u013a\u017een\u00e1: Bratislava 08. 02. 2024<\/p>\n\n\n\n<p><strong>\u010c\u00edslo spisu:<\/strong> 13341\/2024-M_RAKO<\/p>\n\n\n\n<p><strong>\u010c\u00edslo z\u00e1znamu:<\/strong> 25372\/2024<\/p>\n\n\n\n<p>Platn\u00e1 do 31. J\u00fala 2029<\/p>\n\n\n\n\n\n<ul class=\"wp-block-list\">\n<li><img loading=\"lazy\" decoding=\"async\" width=\"340\" height=\"193\" class=\"wp-image-10262\" style=\"width: 340px;\" src=\"https:\/\/www.mostypomoci.sk\/wp-content\/uploads\/2024\/06\/c240509d-0a66-4252-a3bb-361784651303.jpeg\" alt=\"\" srcset=\"https:\/\/www.mostypomoci.sk\/wp-content\/uploads\/2024\/06\/c240509d-0a66-4252-a3bb-361784651303.jpeg 1570w, https:\/\/www.mostypomoci.sk\/wp-content\/uploads\/2024\/06\/c240509d-0a66-4252-a3bb-361784651303-300x170.jpeg 300w, https:\/\/www.mostypomoci.sk\/wp-content\/uploads\/2024\/06\/c240509d-0a66-4252-a3bb-361784651303-1024x581.jpeg 1024w, https:\/\/www.mostypomoci.sk\/wp-content\/uploads\/2024\/06\/c240509d-0a66-4252-a3bb-361784651303-768x436.jpeg 768w, https:\/\/www.mostypomoci.sk\/wp-content\/uploads\/2024\/06\/c240509d-0a66-4252-a3bb-361784651303-1536x872.jpeg 1536w\" sizes=\"auto, (max-width: 340px) 100vw, 340px\" \/><\/li>\n\n\n\n<li>&nbsp;<img loading=\"lazy\" decoding=\"async\" width=\"184\" height=\"245\" class=\"alignnone wp-image-1651\" src=\"https:\/\/www.mostypomoci.sk\/wp-content\/uploads\/2020\/02\/diabetes-225x300.jpg\" alt=\"\" srcset=\"https:\/\/www.mostypomoci.sk\/wp-content\/uploads\/2020\/02\/diabetes-225x300.jpg 225w, https:\/\/www.mostypomoci.sk\/wp-content\/uploads\/2020\/02\/diabetes.jpg 720w\" sizes=\"auto, (max-width: 184px) 100vw, 184px\" \/> <img loading=\"lazy\" decoding=\"async\" width=\"252\" height=\"252\" class=\"alignnone wp-image-1627\" src=\"https:\/\/www.mostypomoci.sk\/wp-content\/uploads\/2020\/01\/prva-23-01-20-300x300.jpg\" alt=\"\" srcset=\"https:\/\/www.mostypomoci.sk\/wp-content\/uploads\/2020\/01\/prva-23-01-20-300x300.jpg 300w, https:\/\/www.mostypomoci.sk\/wp-content\/uploads\/2020\/01\/prva-23-01-20-150x150.jpg 150w, https:\/\/www.mostypomoci.sk\/wp-content\/uploads\/2020\/01\/prva-23-01-20-768x768.jpg 768w, https:\/\/www.mostypomoci.sk\/wp-content\/uploads\/2020\/01\/prva-23-01-20-60x60.jpg 60w, https:\/\/www.mostypomoci.sk\/wp-content\/uploads\/2020\/01\/prva-23-01-20.jpg 960w\" sizes=\"auto, (max-width: 252px) 100vw, 252px\" \/> <img loading=\"lazy\" decoding=\"async\" width=\"246\" height=\"246\" class=\"alignnone wp-image-1694\" src=\"https:\/\/www.mostypomoci.sk\/wp-content\/uploads\/2020\/02\/86970645_3838869706131088_1309146872664817664_o-300x300.jpg\" alt=\"\" srcset=\"https:\/\/www.mostypomoci.sk\/wp-content\/uploads\/2020\/02\/86970645_3838869706131088_1309146872664817664_o-300x300.jpg 300w, https:\/\/www.mostypomoci.sk\/wp-content\/uploads\/2020\/02\/86970645_3838869706131088_1309146872664817664_o-150x150.jpg 150w, https:\/\/www.mostypomoci.sk\/wp-content\/uploads\/2020\/02\/86970645_3838869706131088_1309146872664817664_o-768x768.jpg 768w, https:\/\/www.mostypomoci.sk\/wp-content\/uploads\/2020\/02\/86970645_3838869706131088_1309146872664817664_o-60x60.jpg 60w, https:\/\/www.mostypomoci.sk\/wp-content\/uploads\/2020\/02\/86970645_3838869706131088_1309146872664817664_o.jpg 960w\" sizes=\"auto, (max-width: 246px) 100vw, 246px\" \/> <img loading=\"lazy\" decoding=\"async\" width=\"115\" height=\"147\" class=\"wp-image-10251\" style=\"width: 115px;\" src=\"https:\/\/www.mostypomoci.sk\/wp-content\/uploads\/2024\/06\/37a16b17-fd43-41c5-9750-7d3571b13dc3.jpeg\" alt=\"\" srcset=\"https:\/\/www.mostypomoci.sk\/wp-content\/uploads\/2024\/06\/37a16b17-fd43-41c5-9750-7d3571b13dc3.jpeg 901w, https:\/\/www.mostypomoci.sk\/wp-content\/uploads\/2024\/06\/37a16b17-fd43-41c5-9750-7d3571b13dc3-235x300.jpeg 235w, https:\/\/www.mostypomoci.sk\/wp-content\/uploads\/2024\/06\/37a16b17-fd43-41c5-9750-7d3571b13dc3-802x1024.jpeg 802w, https:\/\/www.mostypomoci.sk\/wp-content\/uploads\/2024\/06\/37a16b17-fd43-41c5-9750-7d3571b13dc3-768x980.jpeg 768w\" sizes=\"auto, (max-width: 115px) 100vw, 115px\" \/> <img loading=\"lazy\" decoding=\"async\" width=\"200\" height=\"150\" class=\"wp-image-10248\" style=\"width: 200px;\" src=\"https:\/\/www.mostypomoci.sk\/wp-content\/uploads\/2024\/06\/6f0215a3-094e-4d33-a5d9-83f6ae9f90e8.jpeg\" alt=\"\" srcset=\"https:\/\/www.mostypomoci.sk\/wp-content\/uploads\/2024\/06\/6f0215a3-094e-4d33-a5d9-83f6ae9f90e8.jpeg 2000w, https:\/\/www.mostypomoci.sk\/wp-content\/uploads\/2024\/06\/6f0215a3-094e-4d33-a5d9-83f6ae9f90e8-300x225.jpeg 300w, https:\/\/www.mostypomoci.sk\/wp-content\/uploads\/2024\/06\/6f0215a3-094e-4d33-a5d9-83f6ae9f90e8-1024x768.jpeg 1024w, https:\/\/www.mostypomoci.sk\/wp-content\/uploads\/2024\/06\/6f0215a3-094e-4d33-a5d9-83f6ae9f90e8-768x576.jpeg 768w, https:\/\/www.mostypomoci.sk\/wp-content\/uploads\/2024\/06\/6f0215a3-094e-4d33-a5d9-83f6ae9f90e8-1536x1152.jpeg 1536w\" sizes=\"auto, (max-width: 200px) 100vw, 200px\" \/> <img loading=\"lazy\" decoding=\"async\" width=\"205\" height=\"154\" class=\"wp-image-10479\" style=\"width: 205px;\" src=\"https:\/\/www.mostypomoci.sk\/wp-content\/uploads\/2024\/10\/461981894_524614976969777_6139754890740563344_n.jpg\" alt=\"\" srcset=\"https:\/\/www.mostypomoci.sk\/wp-content\/uploads\/2024\/10\/461981894_524614976969777_6139754890740563344_n.jpg 960w, https:\/\/www.mostypomoci.sk\/wp-content\/uploads\/2024\/10\/461981894_524614976969777_6139754890740563344_n-300x225.jpg 300w, https:\/\/www.mostypomoci.sk\/wp-content\/uploads\/2024\/10\/461981894_524614976969777_6139754890740563344_n-768x576.jpg 768w\" sizes=\"auto, (max-width: 205px) 100vw, 205px\" \/> <img loading=\"lazy\" decoding=\"async\" width=\"115\" height=\"153\" class=\"wp-image-10480\" style=\"width: 115px;\" src=\"https:\/\/www.mostypomoci.sk\/wp-content\/uploads\/2024\/10\/462191931_524615183636423_690001129306845468_n.jpg\" alt=\"\" srcset=\"https:\/\/www.mostypomoci.sk\/wp-content\/uploads\/2024\/10\/462191931_524615183636423_690001129306845468_n.jpg 1536w, https:\/\/www.mostypomoci.sk\/wp-content\/uploads\/2024\/10\/462191931_524615183636423_690001129306845468_n-225x300.jpg 225w, https:\/\/www.mostypomoci.sk\/wp-content\/uploads\/2024\/10\/462191931_524615183636423_690001129306845468_n-768x1024.jpg 768w, https:\/\/www.mostypomoci.sk\/wp-content\/uploads\/2024\/10\/462191931_524615183636423_690001129306845468_n-1152x1536.jpg 1152w\" sizes=\"auto, (max-width: 115px) 100vw, 115px\" \/> <\/li>\n\n\n\n<li>&nbsp;<\/li>\n<\/ul>\n\n\n\n<p>Akreditovan\u00e9 kurzy s\u00fa <strong>z\u00e1rove\u0148 s mo\u017enos\u0165ou individu\u00e1lneho kurzu<\/strong>.&nbsp;Kurz opatrovania je v rozsahu 238 hod\u00edn.<\/p>\n\n\n\n<p><span style=\"color: #ff0000;\">Mo\u017enos\u0165 prist\u00fapi\u0165 do prebiehaj\u00faceho kurzu max. po\u010det \u0161tudentov v kurze je 15 = zaru\u010den\u00fd individu\u00e1lny pr\u00edstup<\/span><\/p>\n\n\n\n<h2 class=\"wp-block-heading\">U\u010cEBN\u00dd PL\u00c1N KURZU OPATROVANIA<\/h2>\n\n\n\n<div data-wp-interactive=\"core\/file\" class=\"wp-block-file\"><object data-wp-bind--hidden=\"!state.hasPdfPreview\" hidden class=\"wp-block-file__embed\" data=\"https:\/\/www.mostypomoci.sk\/wp-content\/uploads\/2025\/04\/Ucebny-plan-kurzu-opatrovania-predlzenie-24-bez-lektorov.pdf\" type=\"application\/pdf\" style=\"width:100%;height:600px\" aria-label=\"Vlo\u017ei\u0165 U\u010debn\u00fd pl\u00e1n kurzu opatrovania predl\u017eenie 24 bez lektorov.\"><\/object><a id=\"wp-block-file--media-fbb15732-91e4-480f-8ac7-051250bd433b\" href=\"https:\/\/www.mostypomoci.sk\/wp-content\/uploads\/2025\/04\/Ucebny-plan-kurzu-opatrovania-predlzenie-24-bez-lektorov.pdf\">U\u010debn\u00fd pl\u00e1n kurzu opatrovania predl\u017eenie 24 bez lektorov<\/a><a href=\"https:\/\/www.mostypomoci.sk\/wp-content\/uploads\/2025\/04\/Ucebny-plan-kurzu-opatrovania-predlzenie-24-bez-lektorov.pdf\" class=\"wp-block-file__button wp-element-button\" download aria-describedby=\"wp-block-file--media-fbb15732-91e4-480f-8ac7-051250bd433b\">Stiahnu\u0165<\/a><\/div>\n\n\n\n<h3 class=\"wp-block-heading\">Kurzy prvej pomoci<\/h3>\n\n\n\n<p>S\u00fa\u010das\u0165ou kurzu opatrovania je aj kurz prvej pomoci. V pr\u00edpade z\u00e1ujmu dok\u00e1\u017eeme sprostredkova\u0165 samostatne akreditovan\u00e9 kurzy prvej pomoci.<\/p>\n\n\n\n<p><strong><span style=\"color: #6b6b6b;\">Akredit\u00e1cia:<\/span><\/strong><\/p>\n\n\n\n<p>Bratislava 24.09.2013<\/p>\n\n\n\n<p><strong>\u010c\u00edslo: <\/strong>Z43312-2013-OZdV<\/p>\n\n\n\n<figure class=\"wp-block-image\"><img loading=\"lazy\" decoding=\"async\" width=\"100\" height=\"100\" src=\"https:\/\/www.mostypomoci.sk\/wp-content\/uploads\/2019\/06\/155.jpg\" alt=\"\" class=\"wp-image-1436\" srcset=\"https:\/\/www.mostypomoci.sk\/wp-content\/uploads\/2019\/06\/155.jpg 100w, https:\/\/www.mostypomoci.sk\/wp-content\/uploads\/2019\/06\/155-60x60.jpg 60w\" sizes=\"auto, (max-width: 100px) 100vw, 100px\" \/><\/figure>\n\n\n\n<figure class=\"wp-block-image\"><img loading=\"lazy\" decoding=\"async\" width=\"300\" height=\"300\" src=\"https:\/\/www.mostypomoci.sk\/wp-content\/uploads\/2015\/07\/303792ce-7a92-4d47-85ff-b009a4bd91a1-300x300.jpg\" alt=\"303792ce-7a92-4d47-85ff-b009a4bd91a1\" class=\"wp-image-726\" srcset=\"https:\/\/www.mostypomoci.sk\/wp-content\/uploads\/2015\/07\/303792ce-7a92-4d47-85ff-b009a4bd91a1-300x300.jpg 300w, https:\/\/www.mostypomoci.sk\/wp-content\/uploads\/2015\/07\/303792ce-7a92-4d47-85ff-b009a4bd91a1-150x150.jpg 150w, https:\/\/www.mostypomoci.sk\/wp-content\/uploads\/2015\/07\/303792ce-7a92-4d47-85ff-b009a4bd91a1-60x60.jpg 60w, https:\/\/www.mostypomoci.sk\/wp-content\/uploads\/2015\/07\/303792ce-7a92-4d47-85ff-b009a4bd91a1.jpg 455w\" sizes=\"auto, (max-width: 300px) 100vw, 300px\" \/><\/figure>\n\n\n\n<figure class=\"wp-block-image\"><img loading=\"lazy\" decoding=\"async\" width=\"300\" height=\"169\" src=\"https:\/\/www.mostypomoci.sk\/wp-content\/uploads\/2015\/07\/20150930_141650-300x169.jpg\" alt=\"20150930_141650\" class=\"wp-image-727\" srcset=\"https:\/\/www.mostypomoci.sk\/wp-content\/uploads\/2015\/07\/20150930_141650-300x169.jpg 300w, https:\/\/www.mostypomoci.sk\/wp-content\/uploads\/2015\/07\/20150930_141650-768x432.jpg 768w, https:\/\/www.mostypomoci.sk\/wp-content\/uploads\/2015\/07\/20150930_141650-1024x576.jpg 1024w, https:\/\/www.mostypomoci.sk\/wp-content\/uploads\/2015\/07\/20150930_141650.jpg 2048w\" sizes=\"auto, (max-width: 300px) 100vw, 300px\" \/><\/figure>\n\n\n\n<figure class=\"wp-block-image\"><img loading=\"lazy\" decoding=\"async\" width=\"300\" height=\"169\" src=\"https:\/\/www.mostypomoci.sk\/wp-content\/uploads\/2015\/07\/20150930_145615-300x169.jpg\" alt=\"20150930_145615\" class=\"wp-image-728\" srcset=\"https:\/\/www.mostypomoci.sk\/wp-content\/uploads\/2015\/07\/20150930_145615-300x169.jpg 300w, https:\/\/www.mostypomoci.sk\/wp-content\/uploads\/2015\/07\/20150930_145615-768x432.jpg 768w, https:\/\/www.mostypomoci.sk\/wp-content\/uploads\/2015\/07\/20150930_145615-1024x576.jpg 1024w, https:\/\/www.mostypomoci.sk\/wp-content\/uploads\/2015\/07\/20150930_145615.jpg 2048w\" sizes=\"auto, (max-width: 300px) 100vw, 300px\" \/><\/figure>\n\n\n\n<figure class=\"wp-block-image\"><img loading=\"lazy\" decoding=\"async\" width=\"300\" height=\"300\" src=\"https:\/\/www.mostypomoci.sk\/wp-content\/uploads\/2015\/07\/df072ada-43f9-40c3-91a3-ea4364c5e90f-300x300.jpg\" alt=\"df072ada-43f9-40c3-91a3-ea4364c5e90f\" class=\"wp-image-729\" srcset=\"https:\/\/www.mostypomoci.sk\/wp-content\/uploads\/2015\/07\/df072ada-43f9-40c3-91a3-ea4364c5e90f-300x300.jpg 300w, https:\/\/www.mostypomoci.sk\/wp-content\/uploads\/2015\/07\/df072ada-43f9-40c3-91a3-ea4364c5e90f-150x150.jpg 150w, https:\/\/www.mostypomoci.sk\/wp-content\/uploads\/2015\/07\/df072ada-43f9-40c3-91a3-ea4364c5e90f-60x60.jpg 60w, https:\/\/www.mostypomoci.sk\/wp-content\/uploads\/2015\/07\/df072ada-43f9-40c3-91a3-ea4364c5e90f.jpg 455w\" sizes=\"auto, (max-width: 300px) 100vw, 300px\" \/><\/figure>\n\n\n\n<h2 class=\"wp-block-heading\">&nbsp;<\/h2>\n\n\n\n<h3 class=\"wp-block-heading\">&nbsp;<\/h3>\n","protected":false},"excerpt":{"rendered":"<p>AKREDITOVAN\u00dd KURZ OPATROVANIA &#8211; va\u0161a cesta k profesion\u00e1lnej starostlivosti&nbsp;&nbsp; Akreditovan\u00fd kurz MPSVaR SR \u010c\u00edslo spisu: 13341\/2024-M_RAKO, \u010d\u00edslo z\u00e1znamu: 25372\/2024 Certifik\u00e1cia M\u0160VVaM SR CZIAD\/2025414\/314\/309 (podan\u00e1 14.04.2025) RCVI_2025_000049 z 23.05.2025 Term\u00edny a cenn\u00edk \/ PRIHL\u00c1\u0160KA &nbsp;https:\/\/forms.office.com\/r\/in64kSD9MG Term\u00edny kurzov opatrovania 2025 \/ 2026: U n\u00e1s si certifik\u00e1t nek\u00fapite \/ predn\u00e1\u0161ky, aj prax je potrebn\u00e9 re\u00e1lne absolvova\u0165 &#8211; je [&hellip;]<\/p>\n","protected":false},"author":1,"featured_media":0,"parent":85,"menu_order":0,"comment_status":"closed","ping_status":"closed","template":"","meta":{"jetpack_post_was_ever_published":false,"footnotes":""},"class_list":["post-178","page","type-page","status-publish","hentry"],"jetpack_sharing_enabled":true,"jetpack_shortlink":"https:\/\/wp.me\/P6hR6t-2S","_links":{"self":[{"href":"https:\/\/www.mostypomoci.sk\/index.php?rest_route=\/wp\/v2\/pages\/178","targetHints":{"allow":["GET"]}}],"collection":[{"href":"https:\/\/www.mostypomoci.sk\/index.php?rest_route=\/wp\/v2\/pages"}],"about":[{"href":"https:\/\/www.mostypomoci.sk\/index.php?rest_route=\/wp\/v2\/types\/page"}],"author":[{"embeddable":true,"href":"https:\/\/www.mostypomoci.sk\/index.php?rest_route=\/wp\/v2\/users\/1"}],"replies":[{"embeddable":true,"href":"https:\/\/www.mostypomoci.sk\/index.php?rest_route=%2Fwp%2Fv2%2Fcomments&post=178"}],"version-history":[{"count":237,"href":"https:\/\/www.mostypomoci.sk\/index.php?rest_route=\/wp\/v2\/pages\/178\/revisions"}],"predecessor-version":[{"id":11175,"href":"https:\/\/www.mostypomoci.sk\/index.php?rest_route=\/wp\/v2\/pages\/178\/revisions\/11175"}],"up":[{"embeddable":true,"href":"https:\/\/www.mostypomoci.sk\/index.php?rest_route=\/wp\/v2\/pages\/85"}],"wp:attachment":[{"href":"https:\/\/www.mostypomoci.sk\/index.php?rest_route=%2Fwp%2Fv2%2Fmedia&parent=178"}],"curies":[{"name":"wp","href":"https:\/\/api.w.org\/{rel}","templated":true}]}}