{"id":50,"date":"2015-06-03T01:19:29","date_gmt":"2015-06-02T23:19:29","guid":{"rendered":"http:\/\/mostypomoci.sk\/?page_id=50"},"modified":"2016-05-20T08:18:49","modified_gmt":"2016-05-20T06:18:49","slug":"zakladatel","status":"publish","type":"page","link":"https:\/\/www.mostypomoci.sk\/?page_id=50","title":{"rendered":"Zakladatelia"},"content":{"rendered":"<p style=\"text-align: center;\"><span style=\"text-decoration: underline;\"><span style=\"color: #0000ff; text-decoration: underline;\"><a href=\"https:\/\/www.mostypomoci.sk\/wp-content\/uploads\/2015\/06\/bram.jpg\"><img loading=\"lazy\" decoding=\"async\" class=\" size-medium wp-image-362 alignleft\" src=\"https:\/\/www.mostypomoci.sk\/wp-content\/uploads\/2015\/06\/bram-165x300.jpg\" alt=\"bram\" width=\"165\" height=\"300\" srcset=\"https:\/\/www.mostypomoci.sk\/wp-content\/uploads\/2015\/06\/bram-165x300.jpg 165w, https:\/\/www.mostypomoci.sk\/wp-content\/uploads\/2015\/06\/bram.jpg 528w\" sizes=\"auto, (max-width: 165px) 100vw, 165px\" \/><\/a><a href=\"https:\/\/www.mostypomoci.sk\/wp-content\/uploads\/2015\/09\/zakladatelia.jpg\"><img loading=\"lazy\" decoding=\"async\" class=\"size-medium wp-image-337 alignright\" src=\"https:\/\/www.mostypomoci.sk\/wp-content\/uploads\/2015\/09\/zakladatelia-165x300.jpg\" alt=\"zakladatelia\" width=\"165\" height=\"300\" srcset=\"https:\/\/www.mostypomoci.sk\/wp-content\/uploads\/2015\/09\/zakladatelia-165x300.jpg 165w, https:\/\/www.mostypomoci.sk\/wp-content\/uploads\/2015\/09\/zakladatelia.jpg 528w\" sizes=\"auto, (max-width: 165px) 100vw, 165px\" \/><\/a>Mosty pomoci &#8211; zakladatelia:<\/span><\/span><\/p>\n<p style=\"text-align: center;\">Jaroslav Serv\u00e1tka<\/p>\n<p style=\"text-align: center;\">Henrieta Serv\u00e1tka Ivanov\u00e1<\/p>\n<p style=\"text-align: center;\">Mgr. Barbara Serv\u00e1tkov\u00e1<\/p>\n<p style=\"text-align: center;\">J\u00e1n Kol\u00e1r<\/p>\n<p style=\"text-align: center;\">Tatiana Frnov\u00e1<\/p>\n<p style=\"text-align: center;\">\n<p style=\"text-align: center;\">\n<p style=\"text-align: center;\">\n<p style=\"text-align: center;\"><span style=\"color: #000080;\">Chcete sa sta\u0165 \u010dlenmi n\u00e1\u0161ho O.Z. ? \u00a0<\/span><\/p>\n<p style=\"text-align: center;\"><span style=\"color: #000080;\">Kontaktujte n\u00e1s na mostypomoci@gmail.com , alebo osobne nav\u0161t\u00edvte, porozpr\u00e1vame sa o cie\u013eoch a aktivit\u00e1ch n\u00e1\u0161ho O.Z. \u00a0zaplat\u00edte ro\u010dn\u00e9 \u010dlensk\u00e9 &#8211; 30 \u20ac a je to \ud83d\ude42<\/span><\/p>\n","protected":false},"excerpt":{"rendered":"<p>Mosty pomoci &#8211; zakladatelia: Jaroslav Serv\u00e1tka Henrieta Serv\u00e1tka Ivanov\u00e1 Mgr. Barbara Serv\u00e1tkov\u00e1 J\u00e1n Kol\u00e1r Tatiana Frnov\u00e1 Chcete sa sta\u0165 \u010dlenmi n\u00e1\u0161ho O.Z. ? \u00a0 Kontaktujte n\u00e1s na mostypomoci@gmail.com , alebo osobne nav\u0161t\u00edvte, porozpr\u00e1vame sa o cie\u013eoch a aktivit\u00e1ch n\u00e1\u0161ho O.Z. \u00a0zaplat\u00edte ro\u010dn\u00e9 \u010dlensk\u00e9 &#8211; 30 \u20ac a je to \ud83d\ude42<\/p>\n","protected":false},"author":1,"featured_media":0,"parent":31,"menu_order":2,"comment_status":"closed","ping_status":"closed","template":"","meta":{"jetpack_post_was_ever_published":false,"footnotes":""},"class_list":["post-50","page","type-page","status-publish","hentry"],"jetpack_sharing_enabled":true,"jetpack_shortlink":"https:\/\/wp.me\/P6hR6t-O","_links":{"self":[{"href":"https:\/\/www.mostypomoci.sk\/index.php?rest_route=\/wp\/v2\/pages\/50","targetHints":{"allow":["GET"]}}],"collection":[{"href":"https:\/\/www.mostypomoci.sk\/index.php?rest_route=\/wp\/v2\/pages"}],"about":[{"href":"https:\/\/www.mostypomoci.sk\/index.php?rest_route=\/wp\/v2\/types\/page"}],"author":[{"embeddable":true,"href":"https:\/\/www.mostypomoci.sk\/index.php?rest_route=\/wp\/v2\/users\/1"}],"replies":[{"embeddable":true,"href":"https:\/\/www.mostypomoci.sk\/index.php?rest_route=%2Fwp%2Fv2%2Fcomments&post=50"}],"version-history":[{"count":10,"href":"https:\/\/www.mostypomoci.sk\/index.php?rest_route=\/wp\/v2\/pages\/50\/revisions"}],"predecessor-version":[{"id":589,"href":"https:\/\/www.mostypomoci.sk\/index.php?rest_route=\/wp\/v2\/pages\/50\/revisions\/589"}],"up":[{"embeddable":true,"href":"https:\/\/www.mostypomoci.sk\/index.php?rest_route=\/wp\/v2\/pages\/31"}],"wp:attachment":[{"href":"https:\/\/www.mostypomoci.sk\/index.php?rest_route=%2Fwp%2Fv2%2Fmedia&parent=50"}],"curies":[{"name":"wp","href":"https:\/\/api.w.org\/{rel}","templated":true}]}}