{"id":63,"date":"2015-06-03T02:01:45","date_gmt":"2015-06-03T00:01:45","guid":{"rendered":"http:\/\/mostypomoci.sk\/?page_id=63"},"modified":"2023-10-05T11:44:25","modified_gmt":"2023-10-05T09:44:25","slug":"kontakt","status":"publish","type":"page","link":"https:\/\/www.mostypomoci.sk\/?page_id=63","title":{"rendered":"Kontakt"},"content":{"rendered":"<h3><span style=\"color: #0000ff;\">N\u00e1jdete n\u00e1s<\/span> :<\/h3>\n<h4>od 1. Janu\u00e1ra 2020 \/<\/h4>\n<h2>Centrum <span style=\"color: #0000ff;\">Mosty pomoci<\/span> :<\/h2>\n<h2><span style=\"color: #0000ff;\">Fedinova 6 , Bratislava &#8211; Petr\u017ealka<\/span><\/h2>\n<h2><span style=\"color: #339966;\">vchod z terasy nad parkoviskom<\/span><\/h2>\n<p>https:\/\/www.google.com\/maps\/place\/Mosty+Pomoci\/@48.118201,17.1035983,18z\/data=!4m5!3m4!1s0x476c8944caf3a081:0x7383197a87f38d8e!8m2!3d48.1180556!4d17.1046831<\/p>\n<p><img loading=\"lazy\" decoding=\"async\" class=\"alignnone wp-image-1565\" src=\"https:\/\/www.mostypomoci.sk\/wp-content\/uploads\/2020\/01\/mapa-Fedinova-300x207.png\" alt=\"\" width=\"346\" height=\"239\" srcset=\"https:\/\/www.mostypomoci.sk\/wp-content\/uploads\/2020\/01\/mapa-Fedinova-300x207.png 300w, https:\/\/www.mostypomoci.sk\/wp-content\/uploads\/2020\/01\/mapa-Fedinova-768x531.png 768w, https:\/\/www.mostypomoci.sk\/wp-content\/uploads\/2020\/01\/mapa-Fedinova.png 933w\" sizes=\"auto, (max-width: 346px) 100vw, 346px\" \/>\u00a0<img loading=\"lazy\" decoding=\"async\" class=\"alignnone wp-image-1563\" src=\"https:\/\/www.mostypomoci.sk\/wp-content\/uploads\/2020\/01\/20200102_104817-e1577963337307-169x300.jpg\" alt=\"\" width=\"134\" height=\"238\" srcset=\"https:\/\/www.mostypomoci.sk\/wp-content\/uploads\/2020\/01\/20200102_104817-e1577963337307-169x300.jpg 169w, https:\/\/www.mostypomoci.sk\/wp-content\/uploads\/2020\/01\/20200102_104817-e1577963337307-768x1365.jpg 768w, https:\/\/www.mostypomoci.sk\/wp-content\/uploads\/2020\/01\/20200102_104817-e1577963337307-576x1024.jpg 576w\" sizes=\"auto, (max-width: 134px) 100vw, 134px\" \/>\u00a0<img loading=\"lazy\" decoding=\"async\" class=\"alignnone wp-image-1567\" src=\"https:\/\/www.mostypomoci.sk\/wp-content\/uploads\/2020\/01\/Sn\u00edmka-obrazovky-8-162x300.png\" alt=\"\" width=\"128\" height=\"237\" srcset=\"https:\/\/www.mostypomoci.sk\/wp-content\/uploads\/2020\/01\/Sn\u00edmka-obrazovky-8-162x300.png 162w, https:\/\/www.mostypomoci.sk\/wp-content\/uploads\/2020\/01\/Sn\u00edmka-obrazovky-8.png 404w\" sizes=\"auto, (max-width: 128px) 100vw, 128px\" \/><\/p>\n<p><img loading=\"lazy\" decoding=\"async\" class=\" wp-image-8805\" src=\"https:\/\/www.mostypomoci.sk\/wp-content\/uploads\/2021\/06\/IMG_20210630_080941-300x225.jpg\" alt=\"\" width=\"263\" height=\"197\" srcset=\"https:\/\/www.mostypomoci.sk\/wp-content\/uploads\/2021\/06\/IMG_20210630_080941-300x225.jpg 300w, https:\/\/www.mostypomoci.sk\/wp-content\/uploads\/2021\/06\/IMG_20210630_080941-768x576.jpg 768w, https:\/\/www.mostypomoci.sk\/wp-content\/uploads\/2021\/06\/IMG_20210630_080941-1024x768.jpg 1024w\" sizes=\"auto, (max-width: 263px) 100vw, 263px\" \/>\u00a0\u00a0<img loading=\"lazy\" decoding=\"async\" class=\"alignnone wp-image-8804\" src=\"https:\/\/www.mostypomoci.sk\/wp-content\/uploads\/2021\/06\/208556654_6102013429816693_7207759540649950919_n-300x225.jpg\" alt=\"\" width=\"262\" height=\"197\" srcset=\"https:\/\/www.mostypomoci.sk\/wp-content\/uploads\/2021\/06\/208556654_6102013429816693_7207759540649950919_n-300x225.jpg 300w, https:\/\/www.mostypomoci.sk\/wp-content\/uploads\/2021\/06\/208556654_6102013429816693_7207759540649950919_n-768x576.jpg 768w, https:\/\/www.mostypomoci.sk\/wp-content\/uploads\/2021\/06\/208556654_6102013429816693_7207759540649950919_n.jpg 960w\" sizes=\"auto, (max-width: 262px) 100vw, 262px\" \/><\/p>\n<h3>S\u00eddlime na terase nad parkoviskom &#8211; ozna\u010den\u00e9 \u0161\u00edpkou. Vstup na terasu je z oboch str\u00e1n.<\/h3>\n<h3><\/h3>\n<h3 style=\"text-align: left;\"><span style=\"color: #0000ff;\">Kore\u0161ponden\u010dn\u00e1 adresa :<\/span><\/h3>\n<p style=\"text-align: left;\"><strong>\u0160tatut\u00e1rny z\u00e1stupca<\/strong><\/p>\n<p style=\"text-align: left;\">Serv\u00e1tka \u00a0Jaroslav\u00a0 \u00a0 \u00a0 \u00a0 \u00a0 \u00a0 \u00a0 \u00a0 \u00a0 \u00a0 \u00a0 \u00a0 \u00a0 \u00a0 \u00a0 \u00a0 \u00a0 \u00a0 \u00a0 Mosty pomoci<\/p>\n<p style=\"text-align: left;\">Zadunajsk\u00e1 cesta\u00a03434\/8,\u00a0 \u00a0 \u00a0 \u00a0 \u00a0 \u00a0 \u00a0 \u00a0 \u00a0 \u00a0 \u00a0 \u00a0 Fedinova 6<\/p>\n<p>850 01 Bratislava &#8211; Petr\u017ealka\u00a0 \u00a0 \u00a0 \u00a0 \u00a0 \u00a0 \u00a0 \u00a0 \u00a0 851 01\u00a0 \u00a0Bratislava &#8211; Petr\u017ealka<\/p>\n<h3><span style=\"color: #0000ff;\">Faktura\u010dn\u00e1 adresa :<\/span><\/h3>\n<p>Mosty pomoci<\/p>\n<p>Obchodn\u00e1 545\/9<\/p>\n<p>811 06 Bratislava 1<\/p>\n<p>I\u010cO: 42 415 951 \u00a0 \u00a0 \u00a0 DI\u010c: 212 0175 387\u00a0 \/\/ nie sme platcami DPH<\/p>\n<h3><span style=\"color: #0000ff;\">\u010c\u00edslo \u00fa\u010dtu \/ transparentn\u00fd \u00fa\u010det :<\/span><\/h3>\n<p>IBAN: SK4083300000002700735744<\/p>\n<figure id=\"attachment_296\" class=\"thumbnail wp-caption alignright\" style=\"width: 164px\"><img loading=\"lazy\" decoding=\"async\" class=\"wp-image-296\" src=\"https:\/\/www.mostypomoci.sk\/wp-content\/uploads\/2015\/09\/dvor-169x300.jpg\" alt=\"dvor\" width=\"154\" height=\"265\" \/><figcaption class=\"caption wp-caption-text\">Spomienka na Obchodn\u00fa 21 prv\u00e9 centrum n\u00e1\u0161ho OZ<\/figcaption><\/figure>\n<p>SWIFT\/BIC: FIOZSKBAXXX<\/p>\n<h3><span style=\"color: #0000ff;\">Zavolajte n\u00e1m :<\/span><\/h3>\n<p><span style=\"color: #3366ff;\">0903 762 722 \u00a0 \u00a0Jaroslav \u00a0Serv\u00e1tka <\/span><\/p>\n<p>\u0161tatut\u00e1rny z\u00e1stupca, lektor kurzov opatrovania<\/p>\n<p><span style=\"color: #3366ff;\">0903 476 919 \u00a0 \u00a0Henrieta Serv\u00e1tka Ivanov\u00e1<\/span><\/p>\n<p>z\u00e1stupky\u0148a, podpredseda OZ Mosty pomoci<\/p>\n<h3><span style=\"color: #0000ff;\">Nap\u00ed\u0161te n\u00e1m :<\/span><\/h3>\n<p><strong>\u00a0na email: <span style=\"color: #0000ff;\"><a style=\"color: #0000ff;\" href=\"mostypomoci@gmail.com\">mostypomoci@gmail.com\u00a0<\/a><\/span><\/strong><\/p>\n<h3><span style=\"color: #0000ff;\">fb:<\/span><\/h3>\n<h4><span style=\"color: #3366ff;\"><a href=\"https:\/\/www.facebook.com\/groups\/www.mostypomoci.sk\"><span style=\"color: #0000ff;\">Mosty pomoci<\/span><\/a> &#8211; str\u00e1nka aj skupina<\/span><\/h4>\n<h4><a href=\"https:\/\/www.facebook.com\/groups\/437687274079141\"><span style=\"color: #0000ff;\">Modr\u00e1 skrinka a in\u00e9 predn\u00e1\u0161ky &#8230;<\/span><\/a><\/h4>\n<h4><\/h4>\n<h3><span style=\"color: #0000ff;\">Kontakt na jazykov\u00e9 kurzy:\u00a0 \u00a00905 278 192 \u00a0<\/span><\/h3>\n<h3><span style=\"color: #0000ff;\">Zuzana Rovensk\u00e1 \/ mo\u017enos\u0165 kontaktu a v\u00fduky cez Skype\u00a0<\/span><\/h3>\n<h2 class=\"elementor-heading-title elementor-size-default\"><\/h2>\n<h3><span style=\"color: #0000ff;\">Mal\u00fd tip na parkovanie : k\u00fasok od n\u00e1s je Kaufland \ud83d\ude42<\/span><\/h3>\n<h4>Ak p\u00f4jdete autobusom : zast\u00e1vka MARKOVA\u00a0 &#8211; na znamenie.<\/h4>\n<p>Spoje denn\u00e9 : 68, 96, 99, 196<\/p>\n<p>Spoje no\u010dn\u00e9 : 80, 99<\/p>\n<h4>Spoje z hlavnej stanice : 93 na \u017eelezni\u010dn\u00fa stanicu Petr\u017ealka &#8211; tam prest\u00fapi\u0165 na 99 Markova (na znamenie)<\/h4>\n","protected":false},"excerpt":{"rendered":"<p>N\u00e1jdete n\u00e1s : od 1. Janu\u00e1ra 2020 \/ Centrum Mosty pomoci : Fedinova 6 , Bratislava &#8211; Petr\u017ealka vchod z terasy nad parkoviskom https:\/\/www.google.com\/maps\/place\/Mosty+Pomoci\/@48.118201,17.1035983,18z\/data=!4m5!3m4!1s0x476c8944caf3a081:0x7383197a87f38d8e!8m2!3d48.1180556!4d17.1046831 \u00a0\u00a0 \u00a0\u00a0 S\u00eddlime na terase nad parkoviskom &#8211; ozna\u010den\u00e9 \u0161\u00edpkou. Vstup na terasu je z oboch str\u00e1n. Kore\u0161ponden\u010dn\u00e1 adresa : \u0160tatut\u00e1rny z\u00e1stupca Serv\u00e1tka \u00a0Jaroslav\u00a0 \u00a0 \u00a0 \u00a0 \u00a0 \u00a0 \u00a0 \u00a0 [&hellip;]<\/p>\n","protected":false},"author":1,"featured_media":0,"parent":0,"menu_order":0,"comment_status":"closed","ping_status":"closed","template":"","meta":{"jetpack_post_was_ever_published":false,"footnotes":""},"class_list":["post-63","page","type-page","status-publish","hentry"],"jetpack_sharing_enabled":true,"jetpack_shortlink":"https:\/\/wp.me\/P6hR6t-11","_links":{"self":[{"href":"https:\/\/www.mostypomoci.sk\/index.php?rest_route=\/wp\/v2\/pages\/63","targetHints":{"allow":["GET"]}}],"collection":[{"href":"https:\/\/www.mostypomoci.sk\/index.php?rest_route=\/wp\/v2\/pages"}],"about":[{"href":"https:\/\/www.mostypomoci.sk\/index.php?rest_route=\/wp\/v2\/types\/page"}],"author":[{"embeddable":true,"href":"https:\/\/www.mostypomoci.sk\/index.php?rest_route=\/wp\/v2\/users\/1"}],"replies":[{"embeddable":true,"href":"https:\/\/www.mostypomoci.sk\/index.php?rest_route=%2Fwp%2Fv2%2Fcomments&post=63"}],"version-history":[{"count":77,"href":"https:\/\/www.mostypomoci.sk\/index.php?rest_route=\/wp\/v2\/pages\/63\/revisions"}],"predecessor-version":[{"id":9761,"href":"https:\/\/www.mostypomoci.sk\/index.php?rest_route=\/wp\/v2\/pages\/63\/revisions\/9761"}],"wp:attachment":[{"href":"https:\/\/www.mostypomoci.sk\/index.php?rest_route=%2Fwp%2Fv2%2Fmedia&parent=63"}],"curies":[{"name":"wp","href":"https:\/\/api.w.org\/{rel}","templated":true}]}}