{"id":749,"date":"2016-12-22T17:35:34","date_gmt":"2016-12-22T15:35:34","guid":{"rendered":"http:\/\/www.mostypomoci.sk\/?page_id=749"},"modified":"2025-12-31T10:33:58","modified_gmt":"2025-12-31T09:33:58","slug":"vyrocne-spravy","status":"publish","type":"page","link":"https:\/\/www.mostypomoci.sk\/?page_id=749","title":{"rendered":"Valn\u00e9 zhroma\u017edenia, 2%  a in\u00e9 dokumenty"},"content":{"rendered":"<p><a href=\"https:\/\/www.mostypomoci.sk\/wp-content\/uploads\/2025\/12\/Vyrocna-sprava-2025-Mosty-pomoci.pdf\">V\u00fdro\u010dna spr\u00e1va 2025 Mosty pomoci<\/a><\/p>\n<p><a href=\"https:\/\/www.mostypomoci.sk\/wp-content\/uploads\/2025\/01\/Zapisnica-Valne-zhromazdenie-2024.pdf\">Z\u00e1pisnica Valn\u00e9 zhroma\u017edenie 2024<\/a><\/p>\n<p><a href=\"https:\/\/www.mostypomoci.sk\/wp-content\/uploads\/2025\/01\/Vyrocna-sprava-2024-Mosty-pomoci-1.pdf\">V\u00fdro\u010dna spr\u00e1va 2024 Mosty pomoci<\/a><\/p>\n<p><a href=\"https:\/\/www.mostypomoci.sk\/wp-content\/uploads\/2024\/02\/VYHLASENIE-2-za-ROK-2023.pdf\">VYHLASENIE 2% &#8211; za ROK 2023<\/a><\/p>\n<p><a href=\"https:\/\/www.mostypomoci.sk\/wp-content\/uploads\/2022\/10\/socioforum_pomoc-2021-1.pdf\">socioforum_pomoc-2021-1<\/a><\/p>\n<p><a href=\"https:\/\/forms.office.com\/r\/in64kSD9MG\">Prihl\u00e1\u0161ka na kurz<\/a><\/p>\n<p><a href=\"https:\/\/www.mostypomoci.sk\/wp-content\/uploads\/2024\/01\/Vyrocna-sprava-2023-Mosty-pomoci.pdf\">V\u00fdro\u010dna spr\u00e1va 2023 Mosty pomoci<\/a><\/p>\n<p><a href=\"https:\/\/www.mostypomoci.sk\/wp-content\/uploads\/2024\/01\/Zapisnica-Valne-zhromazdenie-MP-2023-podpisana.pdf\">Z\u00e1pisnica Valn\u00e9 zhroma\u017edenie MP 2023 podp\u00edsan\u00e1<\/a><\/p>\n<p><a href=\"https:\/\/www.mostypomoci.sk\/wp-content\/uploads\/2022\/02\/Mosty-pomoci-vyhlasenie-2021-1.pdf\">Mosty-pomoci-vyhlasenie-2021 (1)<\/a><\/p>\n<p><a href=\"https:\/\/www.mostypomoci.sk\/wp-content\/uploads\/2023\/01\/V\u00fdro\u010dna-spr\u00e1va-2022-Mosty-pomoci.pdf\">V\u00fdro\u010dna spr\u00e1va 2022 Mosty pomoci<\/a><\/p>\n<p><a href=\"https:\/\/www.mostypomoci.sk\/wp-content\/uploads\/2023\/01\/Z\u00e1pisnica-Valn\u00e9-zhroma\u017edenie-2022.pdf\">Z\u00e1pisnica Valn\u00e9 zhroma\u017edenie 2022<\/a><\/p>\n<p><a href=\"https:\/\/www.mostypomoci.sk\/wp-content\/uploads\/2020\/01\/Uznesenie-vl\u00e1dy-SR-574-z-27-11-2019.pdf\">Uznesenie vl\u00e1dy SR 574 z 27 11 2019<\/a><\/p>\n<p><a href=\"https:\/\/www.mostypomoci.sk\/wp-content\/uploads\/2022\/01\/V\u00fdro\u010dna-spr\u00e1va-2021.pdf\">V\u00fdro\u010dna spr\u00e1va 2021<\/a><\/p>\n<p><a href=\"https:\/\/www.mostypomoci.sk\/wp-content\/uploads\/2022\/01\/Z\u00e1pisnica-Valn\u00e9-zhroma\u017edenie-2021.pdf\">Z\u00e1pisnica Valn\u00e9 zhroma\u017edenie 2021<\/a><\/p>\n<p><a href=\"https:\/\/www.mostypomoci.sk\/wp-content\/uploads\/2020\/12\/V\u00fdro\u010dna-spr\u00e1va-2020.pdf\">V\u00fdro\u010dna spr\u00e1va 2020<\/a><\/p>\n<p><a href=\"https:\/\/www.mostypomoci.sk\/wp-content\/uploads\/2021\/01\/z\u00e1pisnica-z-valn\u00e9ho-zhroma\u017edenia-2020.pdf\">z\u00e1pisnica z valn\u00e9ho zhroma\u017edenia 2020<\/a><\/p>\n<p><a href=\"https:\/\/www.mostypomoci.sk\/wp-content\/uploads\/2020\/01\/V\u00fdro\u010dna-spr\u00e1va2019-1.pdf\">V\u00fdro\u010dna spr\u00e1va2019<\/a><\/p>\n<p><a href=\"https:\/\/www.mostypomoci.sk\/wp-content\/uploads\/2019\/06\/V\u00fdro\u010dna-spr\u00e1va2018.pdf\">V\u00fdro\u010dna spr\u00e1va2018<\/a><\/p>\n<p><a href=\"https:\/\/www.mostypomoci.sk\/wp-content\/uploads\/2016\/12\/V\u00fdro\u010dna-spr\u00e1va2017-z\u00e1pisnica.pdf\">V\u00fdro\u010dna spr\u00e1va2017 z\u00e1pisnica<\/a><\/p>\n<p><a href=\"https:\/\/www.mostypomoci.sk\/wp-content\/uploads\/2016\/12\/V\u00fdro\u010dna-spr\u00e1va2016.pdf\">V\u00fdro\u010dna spr\u00e1va2016<\/a><\/p>\n<p><a href=\"https:\/\/www.mostypomoci.sk\/wp-content\/uploads\/2016\/12\/V\u00fdro\u010dna-spr\u00e1va2015.docx\">vyrocna-sprava2015<\/a><\/p>\n<p><a href=\"https:\/\/www.mostypomoci.sk\/wp-content\/uploads\/2021\/02\/predl\u017eenie-akreditacie-do-2024.pdf\">predl\u017eenie akreditacie do 2024<\/a><\/p>\n\n\n<div data-wp-interactive=\"core\/file\" class=\"wp-block-file\"><object data-wp-bind--hidden=\"!state.hasPdfPreview\" hidden class=\"wp-block-file__embed\" data=\"https:\/\/www.mostypomoci.sk\/wp-content\/uploads\/2023\/06\/Zmluva-o-najme-nebytovych-priestorov-BD-Petrzalka.pdf\" type=\"application\/pdf\" style=\"width:100%;height:600px\" aria-label=\"Vlo\u017ei\u0165 Zmluva-o-najme-nebytovych-priestorov-BD-Petrzalka.\"><\/object><a id=\"wp-block-file--media-0f03c8ac-df35-496f-840d-b008b310098c\" href=\"https:\/\/www.mostypomoci.sk\/wp-content\/uploads\/2023\/06\/Zmluva-o-najme-nebytovych-priestorov-BD-Petrzalka.pdf\">Zmluva-o-najme-nebytovych-priestorov-BD-Petrzalka<\/a><a href=\"https:\/\/www.mostypomoci.sk\/wp-content\/uploads\/2023\/06\/Zmluva-o-najme-nebytovych-priestorov-BD-Petrzalka.pdf\" class=\"wp-block-file__button wp-element-button\" download aria-describedby=\"wp-block-file--media-0f03c8ac-df35-496f-840d-b008b310098c\">Stiahnu\u0165<\/a><\/div>\n\n\n\n<div data-wp-interactive=\"core\/file\" class=\"wp-block-file\"><object data-wp-bind--hidden=\"!state.hasPdfPreview\" hidden class=\"wp-block-file__embed\" data=\"https:\/\/www.mostypomoci.sk\/wp-content\/uploads\/2024\/01\/MOSTY_POMOCI_UV.pdf\" type=\"application\/pdf\" style=\"width:100%;height:600px\" aria-label=\"Vlo\u017ei\u0165 MOSTY_POMOCI_UV.\"><\/object><a id=\"wp-block-file--media-3b685959-cf74-4beb-a220-e90446cbac5e\" href=\"https:\/\/www.mostypomoci.sk\/wp-content\/uploads\/2024\/01\/MOSTY_POMOCI_UV.pdf\">MOSTY_POMOCI_UV<\/a><a href=\"https:\/\/www.mostypomoci.sk\/wp-content\/uploads\/2024\/01\/MOSTY_POMOCI_UV.pdf\" class=\"wp-block-file__button wp-element-button\" download aria-describedby=\"wp-block-file--media-3b685959-cf74-4beb-a220-e90446cbac5e\">Stiahnu\u0165<\/a><\/div>\n\n\n\n\n\n\n\n\n\n\n\n\n\n\n\n\n\n<div data-wp-interactive=\"core\/file\" class=\"wp-block-file\"><object data-wp-bind--hidden=\"!state.hasPdfPreview\" hidden class=\"wp-block-file__embed\" data=\"https:\/\/www.mostypomoci.sk\/wp-content\/uploads\/2023\/04\/kopia-stanovy-Mosty-pomoci.pdf\" type=\"application\/pdf\" style=\"width:100%;height:600px\" aria-label=\"Vlo\u017ei\u0165 kopia-stanovy-Mosty-pomoci.\"><\/object><a id=\"wp-block-file--media-82c5fd1f-6479-42de-82e2-bd5571466f3a\" href=\"https:\/\/www.mostypomoci.sk\/wp-content\/uploads\/2023\/04\/kopia-stanovy-Mosty-pomoci.pdf\">kopia-stanovy-Mosty-pomoci<\/a><a href=\"https:\/\/www.mostypomoci.sk\/wp-content\/uploads\/2023\/04\/kopia-stanovy-Mosty-pomoci.pdf\" class=\"wp-block-file__button wp-element-button\" download aria-describedby=\"wp-block-file--media-82c5fd1f-6479-42de-82e2-bd5571466f3a\">Stiahnu\u0165<\/a><\/div>\n","protected":false},"excerpt":{"rendered":"<p>V\u00fdro\u010dna spr\u00e1va 2025 Mosty pomoci Z\u00e1pisnica Valn\u00e9 zhroma\u017edenie 2024 V\u00fdro\u010dna spr\u00e1va 2024 Mosty pomoci VYHLASENIE 2% &#8211; za ROK 2023 socioforum_pomoc-2021-1 Prihl\u00e1\u0161ka na kurz V\u00fdro\u010dna spr\u00e1va 2023 Mosty pomoci Z\u00e1pisnica Valn\u00e9 zhroma\u017edenie MP 2023 podp\u00edsan\u00e1 Mosty-pomoci-vyhlasenie-2021 (1) V\u00fdro\u010dna spr\u00e1va 2022 Mosty pomoci Z\u00e1pisnica Valn\u00e9 zhroma\u017edenie 2022 Uznesenie vl\u00e1dy SR 574 z 27 11 2019 V\u00fdro\u010dna [&hellip;]<\/p>\n","protected":false},"author":1,"featured_media":0,"parent":31,"menu_order":3,"comment_status":"closed","ping_status":"closed","template":"","meta":{"jetpack_post_was_ever_published":false,"footnotes":""},"class_list":["post-749","page","type-page","status-publish","hentry"],"jetpack_sharing_enabled":true,"jetpack_shortlink":"https:\/\/wp.me\/P6hR6t-c5","_links":{"self":[{"href":"https:\/\/www.mostypomoci.sk\/index.php?rest_route=\/wp\/v2\/pages\/749","targetHints":{"allow":["GET"]}}],"collection":[{"href":"https:\/\/www.mostypomoci.sk\/index.php?rest_route=\/wp\/v2\/pages"}],"about":[{"href":"https:\/\/www.mostypomoci.sk\/index.php?rest_route=\/wp\/v2\/types\/page"}],"author":[{"embeddable":true,"href":"https:\/\/www.mostypomoci.sk\/index.php?rest_route=\/wp\/v2\/users\/1"}],"replies":[{"embeddable":true,"href":"https:\/\/www.mostypomoci.sk\/index.php?rest_route=%2Fwp%2Fv2%2Fcomments&post=749"}],"version-history":[{"count":36,"href":"https:\/\/www.mostypomoci.sk\/index.php?rest_route=\/wp\/v2\/pages\/749\/revisions"}],"predecessor-version":[{"id":11194,"href":"https:\/\/www.mostypomoci.sk\/index.php?rest_route=\/wp\/v2\/pages\/749\/revisions\/11194"}],"up":[{"embeddable":true,"href":"https:\/\/www.mostypomoci.sk\/index.php?rest_route=\/wp\/v2\/pages\/31"}],"wp:attachment":[{"href":"https:\/\/www.mostypomoci.sk\/index.php?rest_route=%2Fwp%2Fv2%2Fmedia&parent=749"}],"curies":[{"name":"wp","href":"https:\/\/api.w.org\/{rel}","templated":true}]}}