{"id":85,"date":"2015-06-03T02:37:19","date_gmt":"2015-06-03T00:37:19","guid":{"rendered":"http:\/\/mostypomoci.sk\/?page_id=85"},"modified":"2025-10-16T10:19:04","modified_gmt":"2025-10-16T08:19:04","slug":"kurzy","status":"publish","type":"page","link":"https:\/\/www.mostypomoci.sk\/?page_id=85","title":{"rendered":"Kurzy \/ Predn\u00e1\u0161ky: Podmienky, reklama\u010dn\u00fd poriadok a Cenn\u00edk"},"content":{"rendered":"\n<p class=\"has-text-align-center\">U n\u00e1s si certifik\u00e1t nek\u00fapite \/ predn\u00e1\u0161ky, aj prax je potrebn\u00e9 re\u00e1lne absolvova\u0165 <\/p>\n\n\n\n<p class=\"has-text-align-center\">&#8211; je to n\u00e1ro\u010dn\u00e9, ale ver\u00edme \u017ee to ocen\u00edte<\/p>\n\n\n\n<p class=\"has-text-align-center\"><img loading=\"lazy\" decoding=\"async\" width=\"300\" height=\"450\" class=\"wp-image-10836\" style=\"width: 300px;\" src=\"https:\/\/www.mostypomoci.sk\/wp-content\/uploads\/2025\/06\/ChatGPT-Image-1.-6.-2025-12_13_52.png\" alt=\"\" srcset=\"https:\/\/www.mostypomoci.sk\/wp-content\/uploads\/2025\/06\/ChatGPT-Image-1.-6.-2025-12_13_52.png 1024w, https:\/\/www.mostypomoci.sk\/wp-content\/uploads\/2025\/06\/ChatGPT-Image-1.-6.-2025-12_13_52-200x300.png 200w, https:\/\/www.mostypomoci.sk\/wp-content\/uploads\/2025\/06\/ChatGPT-Image-1.-6.-2025-12_13_52-683x1024.png 683w, https:\/\/www.mostypomoci.sk\/wp-content\/uploads\/2025\/06\/ChatGPT-Image-1.-6.-2025-12_13_52-768x1152.png 768w\" sizes=\"auto, (max-width: 300px) 100vw, 300px\" \/><\/p>\n\n\n\n<p class=\"has-text-align-center\">Akredit\u00e1cia MPSVR SR \u010d. spisu: 13341\/2024-M_RAKO \u2022 \u010d. z\u00e1znamu: 25372\/2024<\/p>\n\n\n\n<p class=\"has-text-align-center\">Certifik\u00e1cia M\u0160VVaM SR: CZIAD\/2025414\/314\/309 (zap\u00edsan\u00e1 23.05.2024)<\/p>\n\n\n\n<div data-wp-interactive=\"core\/file\" class=\"wp-block-file\"><object data-wp-bind--hidden=\"!state.hasPdfPreview\" hidden class=\"wp-block-file__embed\" data=\"https:\/\/www.mostypomoci.sk\/wp-content\/uploads\/2025\/05\/Podmienky-vzdelavania-a-reklamacny-poriadok.pdf\" type=\"application\/pdf\" style=\"width:100%;height:600px\" aria-label=\"Vlo\u017ei\u0165 Podmienky vzdel\u00e1vania a reklama\u010dn\u00fd poriadok.\"><\/object><a id=\"wp-block-file--media-15d1d0c2-ba97-44fe-a63a-4c4766f64809\" href=\"https:\/\/www.mostypomoci.sk\/wp-content\/uploads\/2025\/05\/Podmienky-vzdelavania-a-reklamacny-poriadok.pdf\">Podmienky vzdel\u00e1vania a reklama\u010dn\u00fd poriadok<\/a><a href=\"https:\/\/www.mostypomoci.sk\/wp-content\/uploads\/2025\/05\/Podmienky-vzdelavania-a-reklamacny-poriadok.pdf\" class=\"wp-block-file__button wp-element-button\" download aria-describedby=\"wp-block-file--media-15d1d0c2-ba97-44fe-a63a-4c4766f64809\">Stiahnu\u0165<\/a><\/div>\n\n\n\n<p><\/p>\n\n\n<p><strong>Akreditovan\u00e9 kurzy opatrovania \/ cenn\u00edk je v prie\u010dinku ,,akreditovan\u00e9 kurzy &#8222;<\/strong><\/p>\n<h3><strong>Lektori schv\u00e1len\u00ed MPSVaR :<\/strong><\/h3>\n<h4><strong>Serv\u00e1tka Jaroslav, MBA, DiS. \/ DGKP<\/strong><\/h4>\n<p>Pracuje ako Diplomovan\u00fd zdravotn\u00edcky pracovn\u00edk v Rak\u00fasku &#8211; PBZ Hainburg \/prax od roku 1984 \/<\/p>\n<p>praktick\u00e9 sk\u00fasenosti s opatrovate\u013eskou starostlivos\u0165ou seniorov od roku 1990<\/p>\n<p>(Slovensko, Nemecko,Rak\u00fasko &#8211; zariadenia: \u0161t\u00e1tny+s\u00fakromn\u00fd sektor, sk\u00fasenosti s opatrovan\u00edm v zariadeniach, dom\u00e1cnosti a pr\u00e1cou v ambulancii obvodn\u00e9ho lek\u00e1ra)<\/p>\n<p>MBA &#8211; Kontroling a poradenstvo pre kvalitu v soci\u00e1lnych slu\u017eb\u00e1ch<\/p>\n<p>DiS. &#8211; Starostlivos\u0165 v soci\u00e1lnych slu\u017eb\u00e1ch a ter\u00e9nna prax<\/p>\n<h4>PhDr. Ma\u0301ria Kov\u00e1\u013eova\u0301, PhD. MHA. MBA<\/h4>\n<div class=\"wpb_text_column wpb_content_element \">\n<div class=\"wpb_wrapper\">\n<p>Pracuje v soci\u00e1lnych slu\u017eb\u00e1ch\u00a0 ako mana\u017e\u00e9rka kvality, aud\u00edtorka, projektov\u00e1 mana\u017e\u00e9rka a hlavne ako garantka mnoh\u00fdch vzdel\u00e1vac\u00edch aktiv\u00edt pre pracovn\u00edkov v soci\u00e1lnych slu\u017eb\u00e1ch. Je zakladate\u013ekou Asoci\u00e1cie odborn\u00fdch pracovn\u00edkov soci\u00e1lnych slu\u017eieb za \u00fa\u010delom zdru\u017eovania odborn\u00fdch pracovn\u00edkov t\u00fdch zariaden\u00ed, kde p\u00f4sob\u00ed ako poradky\u0148a, alebo ako \u0161kolite\u013eka.<\/p>\n<p>S\u00fa\u010dasne patr\u00ed k zakladate\u013eom Akad\u00e9mie vzdel\u00e1vania a v\u00fdskumu v soci\u00e1lnych slu\u017eb\u00e1ch, kde p\u00f4sob\u00ed ako lektorka.\u00a0Vzdel\u00e1vanie, projektov\u00e1 \u010dinnos\u0165, \u00fa\u010das\u0165 v\u00a0odborn\u00fdch\u00a0komisi\u00e1ch.<\/p>\n<p>Tvor\u00ed n\u00e1rodn\u00e9 a medzin\u00e1rodn\u00e9 projekty.<\/p>\n<p>P\u00f4sobila ako\u00a0Duchovn\u00e1 spr\u00e1vky\u0148a Evanjelickej diakonie, far\u00e1rka, charitat\u00edvna \u010dinnos\u0165.<\/p>\n<\/div>\n<\/div>\n<h4><strong>Henrieta Serv\u00e1tka Ivanov\u00e1<\/strong><\/h4>\n<p>Zdravotn\u00e1 sestra \/ prax od roku 1983 \/ praktick\u00e9 sk\u00fasenosti s opatrovate\u013eskou starostlivos\u0165ou \u010dloveka s psychiatrickou diagn\u00f3zou<\/p>\n<p>Sestra v Centrum Memory<\/p>\n<h4>Mgr. Iveta \u017ddi\u013eov\u00e1<\/h4>\n<div class=\"text\">\n<p>V DSS a ZSS pracovala ako zdravotn\u00e1 sestra a opatrovate\u013eka.<\/p>\n<p>N\u00e1sledne 6 rokov ako opatrovate\u013eka v dom\u00e1cnosti a zariaden\u00ed podporovan\u00e9ho b\u00fdvania v USA,\u00a0 Anglicku a Rak\u00fasku.<\/p>\n<p>M\u00e1 sk\u00fasenos\u0165 aj ako n\u00e1borov\u00fd pracovn\u00edk pre opatrovate\u013esk\u00fa agent\u00faru v Anglicku a vo vo\u013enom \u010dase p\u00f4sob\u00ed\u00a0ako dobrovo\u013en\u00edk v komunite<\/p>\n<h3>Mgr. M\u00e1ria Lopu\u0161n\u00e1<\/h3>\n<p>Diplomovan\u00fd zdravotn\u00edcky pracovn\u00edk AT, prax od roku 1996 fakultn\u00e1 nemocnica Trnava<\/p>\n<p>Prax Slovensko, Rak\u00fasko, zdravotn\u00e9 zariadenia, zariadenia soci\u00e1lnych slu\u017eieb, dom\u00e1ca o\u0161etrovate\u013esk\u00e1 starostlivos\u0165<\/p>\n<\/div>\n<h3><strong>Marta Ondrovi\u010dov\u00e1<\/strong><\/h3>\n<p>Diplomovan\u00e1 v\u0161eobecn\u00e1 sestra \/ prax od roku 1982 \/ praktick\u00e9 sk\u00fasenosti s opatrovate\u013eskou starostlivos\u0165ou seniorov od roku 1990 \/<\/p>\n<p>pracovala ako stani\u010dn\u00e1 sestra &#8211; DSS Ka\u0161tie\u013e , Stupava<\/p>\n<h3><strong>Mgr. Jozef Min\u00e1r<\/strong><br \/>Opera\u010dn\u00e9 stredisko z\u00e1chrannej zdravotnej slu\u017eby \/ prax od roku 1973<\/h3>\n<p>Sty\u010dn\u00e1 osoba s Opera\u010dn\u00fdm strediskom zdravotnej z\u00e1chrannej slu\u017eby &#8211; kurzy prvej pomoci.<\/p>\n<h3>Lektori mimo akredit\u00e1cie :<\/h3>\n<h3>PhDr. Paul\u00edna Nitkov\u00e1, PhD, MBA, Dis<\/h3>\n<p>Odborn\u00fd poradca &#8211; \u010dak\u00e1 na schv\u00e1lenie MPSVaR SR do zaradenia k lektorom<\/p>\n<h3>Bc. Marianna Pup\u00e1kov\u00e1<\/h3>\n<p>\u010dak\u00e1 na schv\u00e1lenie MPSVaR SR do zaradenia k lektorom<\/p>\n<p><strong>Kurzy Nemeck\u00e9ho jazyka<\/strong><\/p>\n<h4><strong>Zuzana Rovensk\u00e1<\/strong><br \/>\u0161t\u00e1tnice z nemeck\u00e9ho, anglick\u00e9ho a talianskeho jazyka &#8211; kurzy nem\u010diny pre opatrovate\u013eov<\/h4>\n<p>\/ term\u00edny dohodn\u00fa\u0165 na \u010d.\u00a00905 278 192 \/ mo\u017enos\u0165 v\u00fduky cez skype<\/p>","protected":false},"excerpt":{"rendered":"<p>U n\u00e1s si certifik\u00e1t nek\u00fapite \/ predn\u00e1\u0161ky, aj prax je potrebn\u00e9 re\u00e1lne absolvova\u0165 &#8211; je to n\u00e1ro\u010dn\u00e9, ale ver\u00edme \u017ee to ocen\u00edte Akredit\u00e1cia MPSVR SR \u010d. spisu: 13341\/2024-M_RAKO \u2022 \u010d. z\u00e1znamu: 25372\/2024 Certifik\u00e1cia M\u0160VVaM SR: CZIAD\/2025414\/314\/309 (zap\u00edsan\u00e1 23.05.2024) Akreditovan\u00e9 kurzy opatrovania \/ cenn\u00edk je v prie\u010dinku ,,akreditovan\u00e9 kurzy &#8222; Lektori schv\u00e1len\u00ed MPSVaR : Serv\u00e1tka Jaroslav, [&hellip;]<\/p>\n","protected":false},"author":1,"featured_media":0,"parent":0,"menu_order":0,"comment_status":"closed","ping_status":"closed","template":"","meta":{"jetpack_post_was_ever_published":false,"footnotes":""},"class_list":["post-85","page","type-page","status-publish","hentry"],"jetpack_sharing_enabled":true,"jetpack_shortlink":"https:\/\/wp.me\/P6hR6t-1n","_links":{"self":[{"href":"https:\/\/www.mostypomoci.sk\/index.php?rest_route=\/wp\/v2\/pages\/85","targetHints":{"allow":["GET"]}}],"collection":[{"href":"https:\/\/www.mostypomoci.sk\/index.php?rest_route=\/wp\/v2\/pages"}],"about":[{"href":"https:\/\/www.mostypomoci.sk\/index.php?rest_route=\/wp\/v2\/types\/page"}],"author":[{"embeddable":true,"href":"https:\/\/www.mostypomoci.sk\/index.php?rest_route=\/wp\/v2\/users\/1"}],"replies":[{"embeddable":true,"href":"https:\/\/www.mostypomoci.sk\/index.php?rest_route=%2Fwp%2Fv2%2Fcomments&post=85"}],"version-history":[{"count":27,"href":"https:\/\/www.mostypomoci.sk\/index.php?rest_route=\/wp\/v2\/pages\/85\/revisions"}],"predecessor-version":[{"id":11007,"href":"https:\/\/www.mostypomoci.sk\/index.php?rest_route=\/wp\/v2\/pages\/85\/revisions\/11007"}],"wp:attachment":[{"href":"https:\/\/www.mostypomoci.sk\/index.php?rest_route=%2Fwp%2Fv2%2Fmedia&parent=85"}],"curies":[{"name":"wp","href":"https:\/\/api.w.org\/{rel}","templated":true}]}}